{"id":404,"date":"2016-10-19T06:17:47","date_gmt":"2016-10-19T06:17:47","guid":{"rendered":"http:\/\/apartments-lu-ka.com\/de\/welcome-to-brela\/"},"modified":"2016-10-24T07:32:57","modified_gmt":"2016-10-24T07:32:57","slug":"welcome-to-brela","status":"publish","type":"page","link":"https:\/\/www.apartments-lu-ka.com\/de\/welcome-to-brela\/","title":{"rendered":"Brela"},"content":{"rendered":"<p>[vc_row full_width=&#8221;stretch_row&#8221; parallax=&#8221;content-moving&#8221; parallax_image=&#8221;352&#8243; css=&#8221;.vc_custom_1477057496528{padding-top: 150px !important;padding-bottom: 80px !important;}&#8221;][vc_column][vc_custom_heading text=&#8221;Willkommen in Brela&#8221; font_container=&#8221;tag:h2|text_align:center|color:%23ffffff&#8221; use_theme_fonts=&#8221;yes&#8221;][\/vc_column][\/vc_row][vc_row][vc_column][vc_column_text size=&#8221;0&#8243;]<\/p>\n<p dir=\"ltr\">Brela sind ein kleiner touristischer Ort an der Riviera Makarska, wo man im kristallklaren Meer, den 6 Kilometer langen Kiesstr\u00e4nden, den Geruch und der Sch\u00f6nheit des dichten Kiefernwaldes, der ein gesch\u00fctztes Denkmal des Kulturerbes ist, den zahlreichen Spazierwegen, die von der Uferpromenade \u00fcber den alten dalmatinischen Ortschaften bis zu den Gipfeln des Biokovo Gebirges f\u00fchren, genie\u00dfen kann.<br \/>\nWegen ihres nat\u00fcrlichen und kulturellen Reichtums spielten Brela, vom Anfang an, eine wichtige Rolle im Tourismus der Riviera Makarska. Auch heute verfolgen Brela ihre lange Tradition und bieten eine gem\u00fctliche Unterkunft, Gastfreundschaft, alte dalmatinische K\u00fcche, Wein, Lieder und Spa\u00df an.<\/p>\n<p dir=\"ltr\">Die Gemeinde Brela besteht aus zwei Ansiedlungen: Brela Gornja, die sich unter dem Naturpark Biokovo befinden und Brela, die aus einigen Ortschaften bestehen, unter denen Soline und Donje Selo die gr\u00f6\u00dften sind.<\/p>\n<p dir=\"ltr\">Besuchen Sie unsere Internetseite und erfahren Sie mehr \u00fcber Brela! Danach, kommen Sie zu uns und \u00fcberzeugen Sie sich mit Ihren eigenen Augen, dass wer einmal in Brela kommt, kommt immer in Brela zur\u00fcck!<\/p>\n<p>[\/vc_column_text][\/vc_column][\/vc_row][vc_row][vc_column][vc_gallery type=&#8221;nivo&#8221; interval=&#8221;0&#8243; images=&#8221;307,308,309&#8243; img_size=&#8221;full&#8221; onclick=&#8221;&#8221;][\/vc_column][\/vc_row]<\/p>\n","protected":false},"excerpt":{"rendered":"<p>[vc_row full_width=&#8221;stretch_row&#8221; parallax=&#8221;content-moving&#8221; parallax_image=&#8221;352&#8243; css=&#8221;.vc_custom_1477057496528{padding-top: 150px !important;padding-bottom: 80px !important;}&#8221;][vc_column][vc_custom_heading text=&#8221;Willkommen in Brela&#8221; font_container=&#8221;tag:h2|text_align:center|color:%23ffffff&#8221; use_theme_fonts=&#8221;yes&#8221;][\/vc_column][\/vc_row][vc_row][vc_column][vc_column_text size=&#8221;0&#8243;] Brela sind ein kleiner touristischer Ort an der Riviera Makarska, wo man im kristallklaren Meer, den 6 Kilometer langen Kiesstr\u00e4nden, den Geruch und der Sch\u00f6nheit des dichten Kiefernwaldes, der ein gesch\u00fctztes Denkmal des Kulturerbes ist, den zahlreichen Spazierwegen, die von&#8230;<\/p>\n","protected":false},"author":1,"featured_media":0,"parent":0,"menu_order":0,"comment_status":"closed","ping_status":"closed","template":"","meta":[],"_links":{"self":[{"href":"https:\/\/www.apartments-lu-ka.com\/de\/wp-json\/wp\/v2\/pages\/404"}],"collection":[{"href":"https:\/\/www.apartments-lu-ka.com\/de\/wp-json\/wp\/v2\/pages"}],"about":[{"href":"https:\/\/www.apartments-lu-ka.com\/de\/wp-json\/wp\/v2\/types\/page"}],"author":[{"embeddable":true,"href":"https:\/\/www.apartments-lu-ka.com\/de\/wp-json\/wp\/v2\/users\/1"}],"replies":[{"embeddable":true,"href":"https:\/\/www.apartments-lu-ka.com\/de\/wp-json\/wp\/v2\/comments?post=404"}],"version-history":[{"count":2,"href":"https:\/\/www.apartments-lu-ka.com\/de\/wp-json\/wp\/v2\/pages\/404\/revisions"}],"predecessor-version":[{"id":491,"href":"https:\/\/www.apartments-lu-ka.com\/de\/wp-json\/wp\/v2\/pages\/404\/revisions\/491"}],"wp:attachment":[{"href":"https:\/\/www.apartments-lu-ka.com\/de\/wp-json\/wp\/v2\/media?parent=404"}],"curies":[{"name":"wp","href":"https:\/\/api.w.org\/{rel}","templated":true}]}}