{"id":974,"date":"2018-08-07T10:09:40","date_gmt":"2018-08-07T10:09:40","guid":{"rendered":"https:\/\/apartments-lu-ka.com\/hr\/?page_id=974"},"modified":"2018-08-07T10:33:57","modified_gmt":"2018-08-07T10:33:57","slug":"izjava-o-privatnosti","status":"publish","type":"page","link":"https:\/\/www.apartments-lu-ka.com\/hr\/izjava-o-privatnosti\/","title":{"rendered":"Izjava o privatnosti"},"content":{"rendered":"<p><strong>Izjava o privatnosti<br \/>\n<\/strong><br \/>\nZa\u0161titu osobnih podataka i Va\u0161e privatnosti Apartmani Luka shva\u0107a vrlo ozbiljno i \u017eelimo da se osje\u0107ate sigurno posje\u0107uju\u0107i na\u0161u web stranicu ili nam dostavljate osobne podatke. \u201cOsobni podaci\u201d su bilo kakve informacije koje se odnose na Vas osobno, poput imena, e-mail adrese, po\u0161tanske adrese, broja telefona.<br \/>\nKako biste bolje razumjeli kako nakon prikupljanja koristimo va\u0161e osobne podatke i prije no \u0161to nam dostavite svoje osobne podatke, molimo\u00a0Vas da pro\u010ditate\u00a0ovu Izjavu o privatnosti.\u00a0Ova izjava o privatnosti povremeno mo\u017ee biti a\u017eurirana te Vas molimo\u00a0da prije svakog davanja osobnih podataka posjetite ovu Izjavu o privatnosti.<br \/>\n\u200b<br \/>\n<strong>Kada prikupljamo podatke?<\/strong><\/p>\n<p>Va\u0161e osobne podatke prikupljamo kada putem na\u0161e web stranice, mail adrese ili na drugi na\u010din:<\/p>\n<ul>\n<li>prijavljujete se za newsletter\u00a0ili \u0161aljete online narud\u017ebu ili upit,<\/li>\n<li>prijavljujete se za posao,<\/li>\n<li>sklapate ugovor s nama<\/li>\n<li>predajete bilo kakve druge upite putem interneta.<\/li>\n<\/ul>\n<p>\u200b\u200b<br \/>\n<strong>Koje osobne podatke prikupljamo od vas?<\/strong><\/p>\n<p>Za potrebe newslettera, online upita ili narud\u017ebe od Vas prikupljamo sljede\u0107e osobne podatke:<\/p>\n<ul>\n<li>ime i prezime<\/li>\n<li>po\u0161tansku adresu<\/li>\n<li>broj telefona<\/li>\n<li>e-mail adresu<\/li>\n<li>bilo koje druge osobne podatke koje predajete zajedno s prijavom za posao<\/li>\n<li>bilo koje druge podatke koje nam dobrovoljno dajete.<\/li>\n<\/ul>\n<p>\u200b\u200b<br \/>\n<strong>Za \u0161to koristimo Va\u0161e\u00a0osobne podatke?<br \/>\n<\/strong><br \/>\nPrikupljanje i obrada Va\u0161ih osobnih podataka vr\u0161i se radi:<\/p>\n<ul>\n<li>realizacije Va\u0161e narud\u017ebe i rezervacije<\/li>\n<li>odgovaranja na upite, primjedbe, prijedloge te pru\u017eanja dodatnih informacija i ponuda vezanih uz upite uspje\u0161ne komunikacije s Vama i slanja\u00a0aktualnih ponuda (prijava za newsletter)<\/li>\n<li>za obradu Va\u0161e prijave za posao<\/li>\n<\/ul>\n<p><strong>\u200b\u200b<br \/>\nKome proslje\u0111ujemo va\u0161e osobne podatke?<br \/>\n<\/strong><br \/>\nOsobne podatke prikupljene putem na\u0161e\u00a0web stranice mo\u017eemo podijeliti unutar na\u0161e grupe. Va\u0161e podatke mo\u017eemo otkriti dr\u017eavnim tijelima, ukoliko je to uvjetovano zakonom. Nadalje, informacije mogu biti proslije\u0111ene na\u0161im pravnim nasljednicima te dobavlja\u010dima koje anga\u017eiramo kako bi obra\u0111ivali podatke za nas.<br \/>\n<strong>\u200b<br \/>\nTransferi osobnih podataka u inozemstvo<br \/>\n<\/strong><br \/>\nS obzirom da je Internet\u00a0globalna zajednica,\u00a0uporaba Interneta za prikupljanje podataka nu\u017eno uklju\u010duje prijenos podataka preko\u00a0me\u0111unarodnih granica. Stoga nam prilikom pregledavanja na\u0161ih stranica i upisivanja osobnih podataka dajete dopu\u0161tenje za obradu podataka na ovoj osnovi.<br \/>\n\u200b<br \/>\n<strong>Uporaba kola\u010di\u0107a (Cookies)<br \/>\n<\/strong><br \/>\nZa vrijeme Va\u0161e posjete na\u0161oj web stranici, mi koristimo kola\u010di\u0107e\u00a0koji omogu\u0107uju identifikaciju\u00a0registriranih korisnika. Kola\u010di\u0107i su male datoteke koje se pohranjuju privremeno na tvrdom disku. Vi\u0161e pro\u010ditajte u na\u0161oj <a target=\"_blank\" rel=\"noopener\" href=\"https:\/\/apartments-lu-ka.com\/hr\/cookie-policy\/\">Politici kola\u010di\u0107a (Cookie policy)<\/a>.<br \/>\n<strong><br \/>\nPovezivanje s drugim web stranicama<br \/>\n<\/strong><br \/>\nNa\u0161e web stranice sadr\u017ee hiperlinkove za web stranice koje su vlasni\u0161tvo i kojima upravlja tre\u0107a strana. Ove web stranice imaju svoje izjave o privatnosti te Vam savjetujemo da ih prou\u010dite. One reguliraju kori\u0161tenje osobnih podataka koje dajete prilikom posjeta tim stranicama. Mi ne preuzimamo odgovornost za pravila o privatnosti takvih tre\u0107ih strana. Takve web stranice koristite na vlastitu odgovornost.<\/p>\n<p><strong>Kori\u0161tenje Google Analytics<br \/>\n<\/strong><br \/>\nNa\u0161a web stranica koristi Google Analytics, web analytics usluga koje pru\u017ea Google Inc (\u201cGoogle\u201d). Google Analytics koristi \u201ccookie\u201d, tekstualne datoteke koje su pohranjene na va\u0161em ra\u010dunalu kako bi analizirali kori\u0161tenje web stranice i kretanje kroz sadr\u017eaje stranice. Informacije koje generira cookie o Va\u0161em kori\u0161tenju ove web stranice (uklju\u010duju\u0107i Va\u0161u IP adresu) \u0161alju se Googleu poslu\u017eitelja u SAD-u i tamo se pohranjuju. Google \u0107e koristiti ove podatke za procjenu Va\u0161eg kori\u0161tenja web stranice, sastavljanje izvje\u0161\u0107a\u00a0o aktivnosti za web operatore web stranica i pru\u017eanje drugih aktivnosti vezane za internetske usluge. Mo\u017eete odbiti uporabu kola\u010di\u0107a mijenjanjem postavki preglednika, \u0161to mo\u017ee umanjiti ili onemogu\u0107iti pristup\u00a0odre\u0111enim sadr\u017eajima na ovoj web stranici. Kori\u0161tenjem ove stranice pristajete na obradu podataka koju obavlja Google na gore opisan na\u010din\u00a0i za navedene svrhe.<br \/>\n<strong>\u200b<br \/>\nVa\u0161a prava<br \/>\n<\/strong><br \/>\nImate pravo zatra\u017eiti kopiju osobnih podataka koje imamo o Vama\u00a0te tra\u017eiti ispravak bilo kakvih gre\u0161aka u prikupljenim podacima koje se na Vas odnose. Ukoliko imate bilo kakvih pitanja ili primjedbi vezano uz ovu izjavu o privatnosti, molimo da nas kontaktirate. Tako\u0111er imate pravo uskratiti suglasnost\u00a0za kori\u0161tenje va\u0161ih osobnih podataka ukoliko se podaci koriste isklju\u010divo po toj osnovi. O uskrati suglasnosti mo\u017eete nas obavijestiti putem mail adrese: <a href=\"mailto: luka.brela@gmail.com\">luka.brela@gmail.com<\/a>.<\/p>\n<p>&nbsp;<\/p>\n","protected":false},"excerpt":{"rendered":"<p>Izjava o privatnosti Za\u0161titu osobnih podataka i Va\u0161e privatnosti Apartmani Luka shva\u0107a vrlo ozbiljno i \u017eelimo da se osje\u0107ate sigurno posje\u0107uju\u0107i na\u0161u web stranicu ili nam dostavljate osobne podatke. \u201cOsobni podaci\u201d su bilo kakve informacije koje se odnose na Vas osobno, poput imena, e-mail adrese, po\u0161tanske adrese, broja telefona. Kako biste bolje razumjeli kako nakon&#8230;<\/p>\n","protected":false},"author":1,"featured_media":0,"parent":0,"menu_order":0,"comment_status":"closed","ping_status":"closed","template":"","meta":[],"_links":{"self":[{"href":"https:\/\/www.apartments-lu-ka.com\/hr\/wp-json\/wp\/v2\/pages\/974"}],"collection":[{"href":"https:\/\/www.apartments-lu-ka.com\/hr\/wp-json\/wp\/v2\/pages"}],"about":[{"href":"https:\/\/www.apartments-lu-ka.com\/hr\/wp-json\/wp\/v2\/types\/page"}],"author":[{"embeddable":true,"href":"https:\/\/www.apartments-lu-ka.com\/hr\/wp-json\/wp\/v2\/users\/1"}],"replies":[{"embeddable":true,"href":"https:\/\/www.apartments-lu-ka.com\/hr\/wp-json\/wp\/v2\/comments?post=974"}],"version-history":[{"count":3,"href":"https:\/\/www.apartments-lu-ka.com\/hr\/wp-json\/wp\/v2\/pages\/974\/revisions"}],"predecessor-version":[{"id":981,"href":"https:\/\/www.apartments-lu-ka.com\/hr\/wp-json\/wp\/v2\/pages\/974\/revisions\/981"}],"wp:attachment":[{"href":"https:\/\/www.apartments-lu-ka.com\/hr\/wp-json\/wp\/v2\/media?parent=974"}],"curies":[{"name":"wp","href":"https:\/\/api.w.org\/{rel}","templated":true}]}}