{"id":420,"date":"2016-10-10T08:09:59","date_gmt":"2016-10-10T08:09:59","guid":{"rendered":"http:\/\/apartments-lu-ka.com\/it\/home-2\/"},"modified":"2016-10-27T17:07:28","modified_gmt":"2016-10-27T17:07:28","slug":"home-2","status":"publish","type":"page","link":"https:\/\/www.apartments-lu-ka.com\/it\/","title":{"rendered":"Home"},"content":{"rendered":"<p>[vc_row full_width=&#8221;stretch_row_content_no_spaces&#8221; enable_overlay=&#8221;&#8221; el_class=&#8221;awe-table&#8221;][vc_column][rev_slider_vc alias=&#8221;home&#8221;][\/vc_column][\/vc_row][vc_row css=&#8221;.vc_custom_1456219997854{margin-top: -36px !important;}&#8221;][vc_column][vc_empty_space height=&#8221;1px&#8221;][\/vc_column][\/vc_row][vc_row full_width=&#8221;stretch_row&#8221; enable_overlay=&#8221;&#8221; el_class=&#8221;check-availability&#8221; css=&#8221;.vc_custom_1456219902983{background-color: #344a71 !important;}&#8221;][vc_column offset=&#8221;vc_col-lg-3 vc_col-md-12&#8243;][vc_column_text size=&#8221;0&#8243;]<\/p>\n<h2><span style=\"color: #ffffff;\">VERIFICARE LA DISPONIBILIT\u00c0<\/span><\/h2>\n<p>[\/vc_column_text][\/vc_column][vc_column el_class=&#8221;availability-form&#8221; offset=&#8221;vc_col-lg-9 vc_col-md-12&#8243;]<script>\r\n\t\tvar apb_day_book = \"0\";\r\n\t<\/script>\t\t\t<div class=\"awebooking-wrapper inline custom-hillter\">\r\n\r\n\t\t\t\t<!-- SIDEBAR CONTENT -->\r\n\t\t\t\t<div class=\"apb-content\">\r\n\t\t\t\t\t<form method=\"get\" action=\"https:\/\/www.apartments-lu-ka.com\/it\/\" class=\"apb-single-check-avb-form\">\r\n\r\n\t\t\t\t\t\t<div class=\"apb-field\">\r\n\t\t\t\t\t\t\t<label>Data d&#039;arrivo <\/label>\r\n\r\n\t\t\t\t\t\t\t<div class=\"apb-field-group\">\r\n\t\t\t\t\t\t\t\t<i class=\"apbf apbf-calendar\"><\/i>\r\n\t\t\t\t\t\t\t\t<input  type=\"text\"  name=\"from\"  placeholder=\"Data d&#039;arrivo \"  class=\"date-start-js apb-calendar apb-input\" >\t\t\t\t\t\t\t<\/div>\r\n\t\t\t\t\t\t<\/div>\r\n\r\n\t\t\t\t\t\t\r\n\r\n\t\t\t\t\t\t\t\t\t\t\t\t\t<div class=\"apb-field\">\r\n\t\t\t\t\t\t\t\t<label>Data di partenza<\/label>\r\n\t\t\t\t\t\t\t\t<div class=\"apb-field-group\">\r\n\t\t\t\t\t\t\t\t\t<i class=\"apbf apbf-calendar\"><\/i>\r\n\t\t\t\t\t\t\t\t\t<input  type=\"text\"  name=\"to\"  placeholder=\"Data di partenza\"  class=\"date-end-js apb-calendar apb-input\" >\t\t\t\t\t\t\t\t<\/div>\r\n\t\t\t\t\t\t\t<\/div>\r\n\t\t\t\t\t\t\t\t\t\t\t\t\t<div class=\"apb-field small\">\r\n\t\t\t\t\t\t\t<label>Adulto<\/label>\r\n\t\t\t\t\t\t\t<div class=\"apb-field-group\">\r\n\t\t\t\t\t\t\t\t<i class=\"apbf apbf-select\"><\/i>\r\n\t\t\t\t\t\t\t\t<select name=\"room_adult[]\" class=\"apb-select apb-adult-select\" ><option selected=\"selected\" value=\"\">Adulto<\/option><option  value=\"1\">1<\/option><option  value=\"2\">2<\/option><option  value=\"3\">3<\/option><option  value=\"4\">4<\/option><option  value=\"5\">5<\/option><option  value=\"6\">6<\/option><\/select>\t\t\t\t\t\t\t<\/div>\r\n\t\t\t\t\t\t<\/div>\r\n\t\t\t\t\t\t<div class=\"apb-field small\">\r\n\t\t\t\t\t\t\t<label>Bambini<\/label>\r\n\r\n\t\t\t\t\t\t\t<div class=\"apb-field-group\">\r\n\t\t\t\t\t\t\t\t<i class=\"apbf apbf-select\"><\/i>\r\n\t\t\t\t\t\t\t\t<select name=\"room_child[]\" class=\"apb-select apb-child-select\" ><option selected=\"selected\" value=\"\">Bambini<\/option><option  value=\"0\">0<\/option><option  value=\"1\">1<\/option><option  value=\"2\">2<\/option><option  value=\"3\">3<\/option><option  value=\"4\">4<\/option><option  value=\"5\">5<\/option><option  value=\"6\">6<\/option><\/select>\t\t\t\t\t\t\t<\/div>\r\n\t\t\t\t\t\t<\/div>\r\n\t\t\t\t\t\t<!--<button type=\"submit\" class=\"apb-btn\"><\/button>-->\r\n                                                <a href=\"#\" class=\"apb-btn tino\">VERIFICARE LA DISPONIBILIT\u00c0<\/a>\r\n                                                \r\n\r\n\t\t\t\t\t\t<input type=\"hidden\" value=\"6\" class=\"max-night-js\">\r\n\t\t\t\t\t\t<input type=\"hidden\" name=\"check_from\" value=\"shortcode\">\r\n\r\n\t\t\t\t\t\t<input type=\"hidden\" name=\"lang\" value=\"it\">\t\t\t\t\t<\/form>\r\n\t\t\t\t<\/div>\r\n\t\t\t\t<!-- END \/ SIDEBAR CONTENT -->\r\n\r\n\t\t\t<\/div>\r\n                        \r\n                        <script type=\"text\/javascript\">\r\n\t\t\t\tjQuery(document).ready( function() {\r\n\t\t\t\t\tjQuery( '.tino' ).click(function(e) {\r\n\t\t\t\t\te.preventDefault();\r\n\t\t\t\t\tvar baseContactUrl =  '\/it' + '\/contact';\r\n\t\t\t\t\tvar dateFrom = jQuery('.date-start-js').val();\r\n\t\t\t\t\tvar dateTo = jQuery('.date-end-js').val();\r\n\t\t\t\t\tvar adults = jQuery('.apb-adult-select').datepicker().val();\r\n\t\t\t\t\tvar children = jQuery('.apb-child-select').datepicker().val();\r\n\t\t\t\t\tvar sbmtUrl = baseContactUrl+'?&dateFrom='+dateFrom+'&dateTo='+dateTo+'&adults='+adults+'&children='+children;\r\n\t\t\t\t\twindow.location = sbmtUrl;\r\n\t\t\t});\r\n\t\t\t\t});\r\n\t\t\t<\/script>\r\n\r\n\t\t\t[\/vc_column][\/vc_row][vc_row css=&#8221;.vc_custom_1456220081806{margin-top: 20px !important;margin-bottom: 80px !important;}&#8221;][vc_column]<div class=\"awe-special-heading text-left\" style=\"padding-bottom:30px;\"><h2>Alloggio<\/h2><\/div>\r\n\t\t\t\t<div class=\"accomd-modations-content_1\">\r\n\t\t\t\t\t<div class=\"accomd-modations-slide_1\">\r\n\t\t\t\t\t\t\t\t<!-- ITEM -->\r\n\t\t<div class=\"accomd-modations-room_1\">\r\n\t\t\t<div class=\"img\">\r\n\t\t\t\t<a href=\"https:\/\/www.apartments-lu-ka.com\/it\/apb-room-type\/appartamento-tatjana\/\"><img width=\"720\" height=\"430\" src=\"https:\/\/www.apartments-lu-ka.com\/wp-content\/uploads\/2018\/03\/20180327_101643-Large-720x430.jpg\" class=\"attachment-awe-room-slider size-awe-room-slider wp-post-image\" alt=\"\" decoding=\"async\" loading=\"lazy\" \/><\/a>\r\n\t\t\t<\/div>\r\n\r\n\t\t\t<div class=\"text\">\r\n\t\t\t\t<h2><a href=\"https:\/\/www.apartments-lu-ka.com\/it\/apb-room-type\/appartamento-tatjana\/\">Appartamento TATJANA<\/a><\/h2>\r\n\t\t\t\t<div class=\"desc\">\r\n\t\t\t\t\t<p>Con una superficie di 80 m2 appartamento \"Tatjana\" si trova al 1 piano.<\/p>\n<p>Appartamento \u00e8 dotato di aria condizionata (soggiorno), e dispone di 2 camere da letto doppie (ciascuna con WC, doccia e lavandino). Le camere sono dotate di balcone con vista sul mare.<\/p>\n<p>Appartamento ha una cucina con sala da pranzo e la terrazza con vista sul mare.<\/p>\n\t\t\t\t<\/div>\r\n\t\t\t\t\t\t\t\t<a href=\"https:\/\/www.apartments-lu-ka.com\/it\/apb-room-type\/appartamento-tatjana\/\" class=\"awe-btn awe-btn-outline\">VIEW DETAILS<\/a>\r\n\t\t\t<\/div>\r\n\t\t<\/div>\r\n\t\t<!-- END \/ ITEM -->\r\n\t\t\t\t<!-- ITEM -->\r\n\t\t<div class=\"accomd-modations-room_1\">\r\n\t\t\t<div class=\"img\">\r\n\t\t\t\t<a href=\"https:\/\/www.apartments-lu-ka.com\/it\/apb-room-type\/appartamento-luka\/\"><img width=\"720\" height=\"430\" src=\"https:\/\/www.apartments-lu-ka.com\/wp-content\/uploads\/2016\/10\/DSC_0573-720x430.jpg\" class=\"attachment-awe-room-slider size-awe-room-slider wp-post-image\" alt=\"\" decoding=\"async\" loading=\"lazy\" \/><\/a>\r\n\t\t\t<\/div>\r\n\r\n\t\t\t<div class=\"text\">\r\n\t\t\t\t<h2><a href=\"https:\/\/www.apartments-lu-ka.com\/it\/apb-room-type\/appartamento-luka\/\">Appartamento LUKA<\/a><\/h2>\r\n\t\t\t\t<div class=\"desc\">\r\n\t\t\t\t\t<p>Con una superficie di 50 m2 appartamento \"Luka\" si trova al 1 \u00a0piano.<\/p>\n<p>L'appartamento \u00e8 climatizzato (cucina-sala da pranzo), e dispone di 2 camere da lettodoppie (ciascuna con WC, doccia e lavandino).<br \/>\nUna camera ha un balcone con vista sul mare, mentre la seconda \u00e8 rivolta a nord.<\/p>\n<p>Appartamento ha una cucina con sala da pranzo, e una terrazza-giardino con la vista sul mare.<\/p>\n\t\t\t\t<\/div>\r\n\t\t\t\t\t\t\t\t<a href=\"https:\/\/www.apartments-lu-ka.com\/it\/apb-room-type\/appartamento-luka\/\" class=\"awe-btn awe-btn-outline\">VIEW DETAILS<\/a>\r\n\t\t\t<\/div>\r\n\t\t<\/div>\r\n\t\t<!-- END \/ ITEM -->\r\n\t\t\t\t<!-- ITEM -->\r\n\t\t<div class=\"accomd-modations-room_1\">\r\n\t\t\t<div class=\"img\">\r\n\t\t\t\t<a href=\"https:\/\/www.apartments-lu-ka.com\/it\/apb-room-type\/apartment-karlo\/\"><img width=\"720\" height=\"430\" src=\"https:\/\/www.apartments-lu-ka.com\/wp-content\/uploads\/2016\/10\/19-720x430.jpg\" class=\"attachment-awe-room-slider size-awe-room-slider wp-post-image\" alt=\"\" decoding=\"async\" loading=\"lazy\" \/><\/a>\r\n\t\t\t<\/div>\r\n\r\n\t\t\t<div class=\"text\">\r\n\t\t\t\t<h2><a href=\"https:\/\/www.apartments-lu-ka.com\/it\/apb-room-type\/apartment-karlo\/\">Appartamento KARLO<\/a><\/h2>\r\n\t\t\t\t<div class=\"desc\">\r\n\t\t\t\t\t<p>Con una superficie di 36 m2 appartamento \"Karlo\" si trova al piano terra.<br \/>\nL'appartamento \u00e8 dotato di aria condizionata (cucina-sala da pranzo, soggiorno) e dispone di 1 camera da letto con letto matrimoniale.<\/p>\n<p>Un bagno separato con doccia, WC e lavandino.<\/p>\n<p>L'appartamento ha una cucina separata con sala da pranzo, soggiorno con divano e terrazza giardino con vista mare.<\/p>\n\t\t\t\t<\/div>\r\n\t\t\t\t\t\t\t\t<a href=\"https:\/\/www.apartments-lu-ka.com\/it\/apb-room-type\/apartment-karlo\/\" class=\"awe-btn awe-btn-outline\">VIEW DETAILS<\/a>\r\n\t\t\t<\/div>\r\n\t\t<\/div>\r\n\t\t<!-- END \/ ITEM -->\r\n\t\t\t\t\t\t\t<\/div>\r\n\t\t\t\t<\/div>\r\n\t\t\t[\/vc_column][\/vc_row][vc_row full_width=&#8221;stretch_row&#8221; css=&#8221;.vc_custom_1476092552936{margin-bottom: 50px !important;background-color: #f7f7f7 !important;}&#8221;][vc_column width=&#8221;1\/2&#8243;]<div class=\"awe-special-heading text-left\"><h2>Le referenze<\/h2><\/div>\r\n\t\t\t<div class=\"guestbook-content owl-single\">\r\n\r\n\t\t\t\t\r\n\t\t\t\t\t<!-- ITEM -->\r\n\t\t\t\t\t<div class=\"guestbook-item_1\">\r\n\t\t\t\t\t\t\t\t\t\t\t\t\t<div class=\"img\">\r\n\t\t\t\t\t\t\t\t<img src=\"https:\/\/www.apartments-lu-ka.com\/wp-content\/uploads\/2016\/10\/users-150x150.jpg\" alt=\"Kinga Praczyk&#039;s avatar\">\r\n\t\t\t\t\t\t\t\t<span><strong>Kinga Praczyk<\/strong> Polska<\/span>\t\t\t\t\t\t\t<\/div>\r\n\t\t\t\t\t\t\r\n\t\t\t\t\t\t<div class=\"text\">\r\n\t\t\t\t\t\t\t\t\t\t\t\t\t\t\t<p>Apartament Luka to cudowne miejsce na spedzenie fantastycznego urlopu,wyglada dokladnie jak na zdjeciach.Gospodarze sa goscinni i przyjacielscy.Polecam.W przyszlym roku tez przyjedziemy:)<\/p>\r\n\t\t\t\t\t\t\t\r\n\t\t\t\t\t\t\t\t\t\t\t\t\t<\/div>\r\n\t\t\t\t\t<\/div>\r\n\t\t\t\t\t<!-- ITEM -->\r\n\r\n\t\t\t\t\t\r\n\t\t\t\t\t<!-- ITEM -->\r\n\t\t\t\t\t<div class=\"guestbook-item_1\">\r\n\t\t\t\t\t\t\t\t\t\t\t\t\t<div class=\"img\">\r\n\t\t\t\t\t\t\t\t<img src=\"https:\/\/www.apartments-lu-ka.com\/wp-content\/uploads\/2016\/10\/users-150x150.jpg\" alt=\"slukova@seznam.cz&#039;s avatar\">\r\n\t\t\t\t\t\t\t\t<span><strong>slukova@seznam.cz<\/strong> Polska<\/span>\t\t\t\t\t\t\t<\/div>\r\n\t\t\t\t\t\t\r\n\t\t\t\t\t\t<div class=\"text\">\r\n\t\t\t\t\t\t\t\t\t\t\t\t\t\t\t<p>My s domac\u00edmi \u017e\u00e1den konflikt nem\u011bli. Byli jsme zd\u011b 4 dosp\u011bl\u00ed a 6 d\u011bt\u00ed. Na terase jsme sed\u00edvali v\u0161ichni do 22 hod. a pot\u00e9, co \u0161ly d\u011bti sp\u00e1t, jsme pokra\u010dovali v z\u00e1bav\u011b sami. Bavili jsme se u v\u00edna a deskov\u00fdch her polohlasn\u011b (nem\u00e1me z\u00e1jem, aby n\u00e1\u0161 rozhovor poslouchal n\u011bkdo dal\u0161\u00ed). Tak\u017ee v\u00fdhodu vid\u00edm v tom, \u017ee m\u00e1me d\u011bti vychovan\u00e9 a ohledupln\u00e9 a my dosp\u011bl\u00ed se na rozd\u00edl od jin\u00fdch \u010cech\u016f neop\u00edj\u00edme a tud\u00ed\u017e s n\u00e1mi nejsou probl\u00e9my, naopak n\u00e1s dom\u00e1c\u00ed p\u0159i lou\u010den\u00ed obdaroval l\u00e1hv\u00ed olivov\u00e9ho oleje.<\/p>\r\n\t\t\t\t\t\t\t\r\n\t\t\t\t\t\t\t\t\t\t\t\t\t<\/div>\r\n\t\t\t\t\t<\/div>\r\n\t\t\t\t\t<!-- ITEM -->\r\n\r\n\t\t\t\t\t\r\n\t\t\t<\/div>\r\n\r\n\t\t\t[\/vc_column][vc_column width=&#8221;1\/2&#8243;]<div class=\"awe-special-heading text-left\" style=\"padding-bottom:30px;\"><h2>Webcam<\/h2><\/div>[vc_single_image image=&#8221;155&#8243; img_size=&#8221;full&#8221; onclick=&#8221;custom_link&#8221; img_link_target=&#8221;_blank&#8221; link=&#8221;http:\/\/www.livecamcroatia.com\/najljepse-plaze-hrvatske\/brela-kamen-atraktivna-plaza-web-kamera\/&#8221;][\/vc_column][\/vc_row][vc_row][vc_column width=&#8221;1\/2&#8243;][vc_single_image image=&#8221;215&#8243; img_size=&#8221;full&#8221; alignment=&#8221;center&#8221;][\/vc_column][vc_column width=&#8221;1\/2&#8243;]<div class=\"awe-special-heading text-left\"><h2>Riguardo a noi<\/h2><\/div>[vc_column_text size=&#8221;0&#8243;]Appartamenti Lu-Ka \u00e8 si trovano in una bellissima parte di Brela chiamata Stomarica, sul una piccolo collina, circondata da olivi e pini e che si affaccia sul mare e sull le Isole.<br \/>\nSul lato nord della casa \u00e8 splendida vista del monte Biokovo. La casa si trova a 160 m dal mare e dalla spiaggia che si trova in salita lieve.<br \/>\nLa casa dispone di 3 appartamenti su due piani separati. Dispone di 5 posti di parcheggio per la vostra auto e anche animali domestici sono benvenuti. I nostri illustri ospiti hanno a disposizione grande griglia che si trovano dietro la casa, e la connessione internet WI-FI.<\/p>\n<p>Benvenuti![\/vc_column_text][\/vc_column][\/vc_row][vc_row full_width=&#8221;stretch_row&#8221; css=&#8221;.vc_custom_1476092619077{margin-bottom: 0px !important;padding-bottom: 50px !important;background-color: #f7f7f7 !important;}&#8221;][vc_column width=&#8221;1\/2&#8243;]<div class=\"awe-special-heading text-left\"><h2>Il nostro migliore<\/h2><\/div>[vc_column_text size=&#8221;0&#8243;]Da tanti anni la nostra casa \u00e8 sempre stata a disposizione degli ospiti. Gli appartamenti Lu-Ka sono riconosciuti tra i migliori appartamenti di Brela per la cortese ospitalit\u00e0, con splendida vista sul mare, sulle isole e sulla montagna Biokovo.[\/vc_column_text]\t\t<div class=\"awe-icon-list\">\r\n\t\t\t<ul>\r\n\t\t\t\t\t\t\t\t\t<li>\r\n\t\t\t\t\t\t\t\t\t\t\t\t\t<i class=\"iconlist-icon fa fa-television\"><\/i>\r\n\t\t\t\t\t\t\r\n\t\t\t\t\t\t\t\t\t\t\t\t\t<span class=\"iconlist-title\">SAT TV<\/span>\r\n\t\t\t\t\t\t\t\t\t\t\t<\/li>\r\n\t\t\t\t\t\t\t\t\t<li>\r\n\t\t\t\t\t\t\t\t\t\t\t\t\t<i class=\"iconlist-icon fa fa-wifi\"><\/i>\r\n\t\t\t\t\t\t\r\n\t\t\t\t\t\t\t\t\t\t\t\t\t<span class=\"iconlist-title\">Free WIFI<\/span>\r\n\t\t\t\t\t\t\t\t\t\t\t<\/li>\r\n\t\t\t\t\t\t\t\t\t<li>\r\n\t\t\t\t\t\t\t\t\t\t\t\t\t<i class=\"iconlist-icon fa fa-car\"><\/i>\r\n\t\t\t\t\t\t\r\n\t\t\t\t\t\t\t\t\t\t\t\t\t<span class=\"iconlist-title\">Parking<\/span>\r\n\t\t\t\t\t\t\t\t\t\t\t<\/li>\r\n\t\t\t\t\t\t\t\t\t<li>\r\n\t\t\t\t\t\t\t\t\t\t\t\t\t<i class=\"iconlist-icon fa fa-star\"><\/i>\r\n\t\t\t\t\t\t\r\n\t\t\t\t\t\t\t\t\t\t\t\t\t<span class=\"iconlist-title\">Garden terraces<\/span>\r\n\t\t\t\t\t\t\t\t\t\t\t<\/li>\r\n\t\t\t\t\t\t\t\t\t<li>\r\n\t\t\t\t\t\t\t\t\t\t\t\t\t<i class=\"iconlist-icon fa fa-linux\"><\/i>\r\n\t\t\t\t\t\t\r\n\t\t\t\t\t\t\t\t\t\t\t\t\t<span class=\"iconlist-title\">Air condition<\/span>\r\n\t\t\t\t\t\t\t\t\t\t\t<\/li>\r\n\t\t\t\t\t\t\t\t\t<li>\r\n\t\t\t\t\t\t\t\t\t\t\t\t\t<i class=\"iconlist-icon fa fa-fire\"><\/i>\r\n\t\t\t\t\t\t\r\n\t\t\t\t\t\t\t\t\t\t\t\t\t<span class=\"iconlist-title\">Central heating<\/span>\r\n\t\t\t\t\t\t\t\t\t\t\t<\/li>\r\n\t\t\t\t\t\t\t<\/ul>\r\n\t\t<\/div>\r\n\t\t[\/vc_column][vc_column width=&#8221;1\/2&#8243;][vc_single_image image=&#8221;228&#8243; img_size=&#8221;full&#8221; alignment=&#8221;center&#8221;][\/vc_column][\/vc_row]<\/p>\n","protected":false},"excerpt":{"rendered":"<p>[vc_row full_width=&#8221;stretch_row_content_no_spaces&#8221; enable_overlay=&#8221;&#8221; el_class=&#8221;awe-table&#8221;][vc_column][rev_slider_vc alias=&#8221;home&#8221;][\/vc_column][\/vc_row][vc_row css=&#8221;.vc_custom_1456219997854{margin-top: -36px !important;}&#8221;][vc_column][vc_empty_space height=&#8221;1px&#8221;][\/vc_column][\/vc_row][vc_row full_width=&#8221;stretch_row&#8221; enable_overlay=&#8221;&#8221; el_class=&#8221;check-availability&#8221; css=&#8221;.vc_custom_1456219902983{background-color: #344a71 !important;}&#8221;][vc_column offset=&#8221;vc_col-lg-3 vc_col-md-12&#8243;][vc_column_text size=&#8221;0&#8243;] VERIFICARE LA DISPONIBILIT\u00c0 [\/vc_column_text][\/vc_column][vc_column el_class=&#8221;availability-form&#8221; offset=&#8221;vc_col-lg-9 vc_col-md-12&#8243;][\/vc_column][\/vc_row][vc_row css=&#8221;.vc_custom_1456220081806{margin-top: 20px !important;margin-bottom: 80px !important;}&#8221;][vc_column][\/vc_column][\/vc_row][vc_row full_width=&#8221;stretch_row&#8221; css=&#8221;.vc_custom_1476092552936{margin-bottom: 50px !important;background-color: #f7f7f7 !important;}&#8221;][vc_column width=&#8221;1\/2&#8243;][\/vc_column][vc_column width=&#8221;1\/2&#8243;][vc_single_image image=&#8221;155&#8243; img_size=&#8221;full&#8221; onclick=&#8221;custom_link&#8221; img_link_target=&#8221;_blank&#8221; link=&#8221;http:\/\/www.livecamcroatia.com\/najljepse-plaze-hrvatske\/brela-kamen-atraktivna-plaza-web-kamera\/&#8221;][\/vc_column][\/vc_row][vc_row][vc_column width=&#8221;1\/2&#8243;][vc_single_image image=&#8221;215&#8243; img_size=&#8221;full&#8221; alignment=&#8221;center&#8221;][\/vc_column][vc_column width=&#8221;1\/2&#8243;][vc_column_text size=&#8221;0&#8243;]Appartamenti Lu-Ka \u00e8 si trovano in una&#8230;<\/p>\n","protected":false},"author":1,"featured_media":0,"parent":0,"menu_order":0,"comment_status":"closed","ping_status":"closed","template":"","meta":[],"_links":{"self":[{"href":"https:\/\/www.apartments-lu-ka.com\/it\/wp-json\/wp\/v2\/pages\/420"}],"collection":[{"href":"https:\/\/www.apartments-lu-ka.com\/it\/wp-json\/wp\/v2\/pages"}],"about":[{"href":"https:\/\/www.apartments-lu-ka.com\/it\/wp-json\/wp\/v2\/types\/page"}],"author":[{"embeddable":true,"href":"https:\/\/www.apartments-lu-ka.com\/it\/wp-json\/wp\/v2\/users\/1"}],"replies":[{"embeddable":true,"href":"https:\/\/www.apartments-lu-ka.com\/it\/wp-json\/wp\/v2\/comments?post=420"}],"version-history":[{"count":7,"href":"https:\/\/www.apartments-lu-ka.com\/it\/wp-json\/wp\/v2\/pages\/420\/revisions"}],"predecessor-version":[{"id":584,"href":"https:\/\/www.apartments-lu-ka.com\/it\/wp-json\/wp\/v2\/pages\/420\/revisions\/584"}],"wp:attachment":[{"href":"https:\/\/www.apartments-lu-ka.com\/it\/wp-json\/wp\/v2\/media?parent=420"}],"curies":[{"name":"wp","href":"https:\/\/api.w.org\/{rel}","templated":true}]}}